{"id":287,"date":"2007-04-05T15:12:56","date_gmt":"2007-04-05T14:12:56","guid":{"rendered":"http:\/\/www.web-3-null.de\/index.php\/datenschutz\/"},"modified":"2018-05-24T21:55:28","modified_gmt":"2018-05-24T19:55:28","slug":"datenschutz","status":"publish","type":"page","link":"https:\/\/www.web-3-null.de\/index.php\/datenschutz\/","title":{"rendered":"Datenschutz"},"content":{"rendered":"<p><b>Datenschutz<\/b><br \/>\nWir behandeln s\u00e4mtliche Daten vertraulich gem\u00e4\u00df den Vorschriften der einschl\u00e4gigen Datenschutzgesetze, selbstredend auch nach Datenschutzgrundverordnung.<\/p>\n<p><strong>Sicherheit Ihrer Daten<\/strong><\/p>\n<p>Wir stellen durch technische Ma\u00dfnahmen sowie Organisation sicher, dass Ihre Daten auf einem aktuellen Stand der Technik gesichert sind. Sie k\u00f6nnen von aktueller Software sowie entsprechenden Updates ausgehen. Was genau eingesetzt wird, werden wir aber nur staatlichen Stellen offenbaren. Das ist in Ihrem Interesse, damit kein \u00dcbelt\u00e4ter Hinweise auf eventuelle Angriffspunkte bekommt.<\/p>\n<p>Falls es dennoch zu einem erfolgreichen Angriff auf unsere Systeme kommen sollte und Ihre Daten betroffen w\u00e4ren, informieren wir Sie sowie staatliche Stellen.<\/p>\n<p><strong>Weitergabe Ihrer Daten<\/strong><\/p>\n<p>Ihre Daten werden nur dann aktiv weiter gegeben, wenn dies f\u00fcr eine Auftragserf\u00fcllung n\u00f6tig ist und Sie zuvor implizit eine Freigabe erteilt haben (Beispiel: grafische Arbeiten werden an einen Grafiker \u00fcbertragen oder Software\u00e4nderungen an einen Programmierer). Im Falle von Beratungsauftr\u00e4gen k\u00f6nnen wir externe Berater oder im Falle von handwerklichen oder ingenieurseitigen Auftr\u00e4gen entsprechende Stellen hinzu ziehen &#8211; wenn Sie dem zustimmen. Die diesbez\u00fcglichen Ansprechpartner unterliegen ebenfalls der Datenschutzgrundverordnung. Wenn hierf\u00fcr Formulare verwendet werden, finden Sie auf den entsprechenden Webseiten (Formulareingabe) die Verfahrensbeschreibung.<\/p>\n<p>Keinesfalls werden die Daten sonstwie unbeteiligten Personen oder Firmen zug\u00e4nglich gemacht.<\/p>\n<p><strong>Dauer der Datenspeicherung<\/strong><\/p>\n<p>Die Daten von Kunden werden, da wir immer wieder Folgeauftr\u00e4ge zufriedener Kunden haben, gespeichert und einfach so belassen. Selbstredend erfolgt auf Wunsch eine L\u00f6schung, \u00c4nderung oder Auskunft, wenn dieser gesetzliche Vorschriften nicht entgegen stehen.<\/p>\n<p>Daten von Anfragen (speziell Emails), die zu keinen Auftr\u00e4gen f\u00fchren, werden binnen zw\u00f6lf Monaten gel\u00f6scht und sind dann auch nicht mehr abrufbar.<\/p>\n<p>Zum Start der Datenschutzgrundverordnung am 25.5.2018 werden alle Kommentare und Formulardaten auf WordPress bis Ende 2017 gel\u00f6scht.<\/p>\n<p><strong>Verschl\u00fcsselte Daten\u00fcbertragung<\/strong><\/p>\n<p>Sind auf einer Webseite Formulare vorhanden, werden diese durch kompletten Betrieb der Webseite mit SSL (erkennbar an https:\/\/ in Ihrem Browser) verschl\u00fcsselt \u00fcbertragen.<\/p>\n<p><strong>Auftragsdatenverarbeitung<\/strong><\/p>\n<p>Wenn wir Google Analytics einsetzen, protokolliert dieses System anonymisiert das Benutzerverhalten auf einer Webseite. Hierzu werden Seitenaufrufe und das Klickverhalten erfasst. Google hat seinen Europasitz in Irland und unterliegt ebenfalls den europ\u00e4ischen Datenschutzrichtlinien. Dazu kommen Auswertungsfunktionen bei den Providern &#8211; die gibt es automatisch mit den Hostingangeboten. Auch hier werden anonymisiert Seitenbesuche und Klickverhalten ausgewertet. Die Provider sind deutsche Unternehmen, sie unterliegen ebenfalls dem Datenschutz.<\/p>\n<p>Sollten weitere Systeme eingesetzt werden, bestehen nat\u00fcrlich auch hier Datenschutzrichtlinien.<\/p>\n<p>Gleiches gilt f\u00fcr Hilfssysteme, die f\u00fcr Kundenprojekte genutzt werden oder bspw. die Systeme zur Steuerung von Werbung (Adwords, Facebook Ads, Bing Ads, Xovi, Ryte, Sistrix und dergleichen). In der Regel erwirbt, lizensiert, nutzt oder mietet der Kunde selbst die entsprechende Software. Wir nutzen dann nur den Zugang des Kunden oder einen zus\u00e4tzlichen Account auf dem entsprechenden System.<\/p>\n<p><strong>Datenerhebung<\/strong><\/p>\n<p>Wir analysieren anonymisiert statistisch das Besuchsverhalten von Besuchern der Webseite. Hierzu verwenden wir die Logfiles, also Protokolldateien, der seitens des Providers All-Inkl zur Verf\u00fcgung gestellten Mittel sowie externer Auswertungsprogramme, in diesem Falle Google Analytics oder Matomo (ehemals Piwik). Die seitens All-Inkl erhobenen Daten k\u00f6nnen Sie bei All-Inkl nach Umfang und Technik erfragen, ebenso die technischen M\u00f6glichkeiten von Google Analytics bei Google:<\/p>\n<p>Diese Website benutzt Google Analytics, einen Webanalysedienst der Google Inc., 1600 Amphitheatre Parkway Mountain View, CA 94043, USA. Google Analytics verwendet sog. \u201eCookies\u201c, Textdateien, die auf Ihrem Computer gespeichert werden und die eine Analyse der Benutzung der Website durch Sie erm\u00f6glichen. Die durch den Cookie erzeugten Informationen \u00fcber Ihre Benutzung dieser Website (einschlie\u00dflich Ihrer IP-Adresse) wird im erop\u00e4ischen Raum anonymisiert, an einen Server von Google in den USA \u00fcbertragen und dort gespeichert. Zuvor Google wird diese Informationen benutzen, um Ihre Nutzung der Website auszuwerten, um Reports \u00fcber die Websiteaktivit\u00e4ten f\u00fcr die Websitebetreiber zusammenzustellen und um weitere mit der Websitenutzung und der Internetnutzung verbundene Dienstleistungen zu erbringen. Auch wird Google diese Informationen gegebenenfalls an Dritte \u00fcbertragen, sofern dies gesetzlich vorgeschrieben oder soweit Dritte diese Daten im Auftrag von Google verarbeiten. Google wird in keinem Fall Ihre IP-Adresse mit anderen Daten von Google in Verbindung bringen. Sie k\u00f6nnen die Installation der Cookies durch eine entsprechende Einstellung Ihrer Browser Software verhindern; wir weisen Sie jedoch darauf hin, dass Sie in diesem Fall gegebenenfalls nicht s\u00e4mtliche Funktionen dieser Website vollumf\u00e4nglich nutzen k\u00f6nnen. Durch die Nutzung dieser Website erkl\u00e4ren Sie sich mit der Bearbeitung der \u00fcber Sie erhobenen Daten durch Google in der zuvor beschriebenen Art und Weise und zu dem zuvor benannten Zweck einverstanden.<\/p>\n<p>Wenn Sie generell eine Webseiten besuchen m\u00f6chten, ohne Analytics zuzulassen, k\u00f6nnen Sie durch Ihren Browser Google Analytics komplett sperren. Das Plugin f\u00fcr Ihren Browser k\u00f6nnen Sie hier herunterladen und einbauen: <a href=\"https:\/\/tools.google.com\/dlpage\/gaoptout?hl=de\" target=\"_blank\" rel=\"noopener\">https:\/\/tools.google.com\/dlpage\/gaoptout?hl=de<\/a>.<\/p>\n<p>Hier finden Sie die <a href=\"https:\/\/policies.google.com\/privacy?hl=de\" rel=\"noopener\" target=\"_blank\">Datenschutzerkl\u00e4rung von Google<\/a>.<\/p>\n<p>Die Logdateien des Servers beim Provider erfassen: Browser (Typ und Version, Einstellung auf Ihrem Ger\u00e4t), IP-Adresse, Zugriff von welcher Webseite kommend, Uhrzeit, Betriebssystem und Hostname. Diese Daten sind f\u00fcr den Betrieb der Webseite und zur Absicherung n\u00f6tig. Sie werden nicht mit anderen Daten zusammengef\u00fchrt.<\/p>\n<p>Das Auswertungssystem Matomo arbeitet nur lokal auf dem Server, die Daten werden nicht weitergegeben. Auch hier werden die IP-Adressen anonymisiert.<\/p>\n<p>Generell f\u00fchren wir keine Daten aus den verschiedenen Auswertungssystemen und Serverdateien zusammen.<\/p>\n<p><strong>Verwendung von Cookies<\/strong><\/p>\n<p>Auf verschiedenen Seiten verwenden wir Cookies, um den Besuch unserer Seite attraktiv zu gestalten und die Benutzung verschiedener Funktionen zu erm\u00f6glichen. Hierbei handelt es sich um kleine Textdateien, die auf Ihrem Rechner abgelegt werden. Die meisten der von uns verwendeten Cookies werden nach Ende der Browser-Sitzung wieder von Ihrer Festplatte gel\u00f6scht (sog. Session-Cookies). Andere Cookies verbleiben auf Ihrem Rechner und erm\u00f6glichen uns, Ihren Rechner bei Ihrem n\u00e4chsten Besuch wieder zu erkennen (sog. Langzeit-Cookies).<\/p>\n<p>Cookies werden in regelm\u00e4\u00dfigen Abst\u00e4nden wieder gel\u00f6scht.<\/p>\n<p>Sie k\u00f6nnen Ihren Browser so einstellen, dass Sie \u00fcber das Setzen von Cookies informiert werden, von Fall zu Fall \u00fcber die Annahme entscheiden oder die Annahme von Cookies grunds\u00e4tzlich ausschlie\u00dfen. Bei der Nichtannahme von Cookie kann die Funktionalit\u00e4t unseres Angebots eingeschr\u00e4nkt sein. Im Folgenden finden Sie einige Beispiele, wie Sie die g\u00e4ngigen Browser und Programme entsprechend einstellen, beispielsweise:<\/p>\n<p><em>Internet Explorer 6.x<\/em> ++<br \/>\nExtras | Internetoptionen | Datenschutz | Erweitert | Automatische Cookiebehandlung aufheben | jeweils &gt; \u2018Eingabeaufforderung\u2019 | OK | OK. Beim Besuch einer Seite, die Cookies verwendet, \u00f6ffnet sich eine Warnmeldung. Nach Klick des Buttons \u201cDetails anzeigen\u201d werden die Eigenschaften sowie der Inhalt der Cookies angezeigt.<\/p>\n<p><em>Microsoft Edge<\/em><br \/>\nBei Edge oben rechts drei Punkte anklicken. Einstellungen | Erweiterte Einstellungen anzeigen | Cookies<\/p>\n<p><em>Mozilla ab 1.4<\/em><br \/>\nExtras | Einstellungen | Datenschutz &amp; Sicherheit | Cookies | Cookie-Lebensdauer-Regeln -&gt; \u2018Bei jedem Cookie fragen\u2019 | OK. Beim Besuch einer Seite, die Cookies verwendet, \u00f6ffnet sich eine Warnmeldung. Nach Klick des Buttons \u201cDetails anzeigen\u201d werden die Eigenschaften sowie der Inhalt des Cookies angezeigt.<\/p>\n<p><em>Firefox 1.x<\/em> ++<br \/>\nExtras | Einstellungen | Datenschutz | Cookies -&gt; \u2018Cookies akzeptieren\u2019 und Cookies behalten -&gt; \u2018jedes mal nachfragen\u2019 | OK. Beim Besuch einer Seite, die Cookies verwendet, \u00f6ffnet sich eine Warnmeldung. Nach Klick des Buttons \u201cDetails anzeigen\u201d werden die Eigenschaften sowie der Inhalt des Cookies angezeigt.<\/p>\n<p><em>Firefox 58<\/em><br \/>\nRechts oben die drei Balken anklicken. Einstellungen | Datenschutz und Sicherheit | Chronik | Cookies von Webseiten akzeptieren (hier k\u00f6nnen Sie das H\u00e4kchen herausnehmen und Firefox anpassen.<\/p>\n<p><em>Opera 8<\/em> ++<br \/>\nExtras | Erweitert | Cookies | Jeweils bei Normal- und Drittanbietercookies -&gt; \u2018Jeden Cookie einzeln best\u00e4tigen\u2019 | OK. Beim Besuch einer Seite, die Cookies verwendet, \u00f6ffnet sich eine Warnmeldung. Im Textfenster werden der Inhalt sowie die Laufzeit des Cookies angezeigt.<\/p>\n<p><em>Chrome<\/em><br \/>\nAuch bei Chrome k\u00f6nnen Sie Cookies deaktivieren. https:\/\/support.google.com\/chrome\/answer\/114836?visit_id=1-636532591961493692-2245657613&amp;p=settings_privacy&amp;rd=1 beschreibt, wie dies im Chrome 64 eingestellt werden kann. Weiterhin k\u00f6nnen Sie ein Plugin, also eine Zusatzfunktion im Browser, installieren, welche bspw. Google Analytics auf allen Webseiten ausschaltet. Das w\u00e4re bspw. https:\/\/chrome.google.com\/webstore\/detail\/google-analytics-opt-out\/fllaojicojecljbmefodhfapmkghcbnh<\/p>\n<p>Bei anderen Browsern, \u00e4lteren oder moderneren Versionen, erreichen Sie diese Funktionen normalerweise \u00fcber die Hilfs- oder Suchfunktion innerhalb Ihres Browsers. Weitere Tipps und teilweise Videoanleitungen geben Ihnen Anfragen bei Suchmaschinen oder bspw. die Internetauftritte von IT-Zeitschriften (Chip, c`t, etc.).<\/p>\n<p><strong>Google Cookies, Affiliates und Drittanbieter allgemein<\/strong><\/p>\n<p>Auf einigen Webseiten sehen Sie Werbeeinblendungen. Google blendet diese vollautomatisch ein, nach zwei Verfahren. Wenn Sie zuvor eine andere Webseite besucht haben, kann ein Werbetreibender die bezahlte Werbung (Adwords) so einstellen, dass Sie noch einmal an dessen Angebot erinnert werden. Weiterhin kann Google aus dem Kontext der Webseite und Ihrem Surfverhalten heraus passende Werbung einspielen. Das hei\u00dft auch, wenn Sie unsere Webseite wieder verlassen: Google kann Ihnen auf einer anderen Webseite passende Werbung zu einem unserer Themen einspielen. Mit den oben beschriebenen Funktionen k\u00f6nnen Sie die entsprechenden Cookies sperren oder l\u00f6schen.<\/p>\n<p>Dazu haben wir auf einigen Webseiten sogenannte Affiliate Werbung. Wenn Sie darauf klicken, bekommt Ihr Besuch der entsprechenden Webseite eine Kennung mit. Verst\u00e4ndlich erkl\u00e4rt: &#8222;Dieser Besucher kommt gerade von einer Webseite von Georg Grohs. Der Klick erfolgte auf die Werbung von XY.&#8220; Weitere Daten werden idR nicht \u00fcbermittelt. Wir erhalten eine kleine Provision, wenn Sie auf der Webseite des Affiliate Systems etwas bestellen. Genauere Benutzerdaten werden nicht an uns \u00fcbermittelt, h\u00f6chstens eine anonymisierte Abrechnung. Die Affiliate Systeme unterliegen ebenfalls der Datenschutzgrundverordnung.<\/p>\n<p>Andere Systeme, also Konkurrenzprodukten zu Werbeeinblendungen von Google oder dergleichen, sind nicht aktiv.<\/p>\n<p><strong>Google Maps<\/strong><\/p>\n<p>Auf einigen Seiten verwenden wir die Karten- und Navigationsfunktionen von Google Maps, Anbieter ist Google Inc., 1600 Amphitheatre Parkway, Mountain View, CA 94043, USA. Wenn Sie Maps bspw. zur Anreise mit einem Handy als Navigationssystem oder zur Routenplanung auf Ihrem heimischen Rechner nutzen m\u00f6chten, werden IP-Adresse und ggf. Ihr Standort an Google \u00fcbermittelt. <\/p>\n<p><strong>Verlinkung auf externe Webseiten<\/strong><\/p>\n<p>Wie Sie sehen, bieten wir Ihnen mit Schaltfl\u00e4chen unten auf der Webseite die M\u00f6glichkeit, unsere Inhalte auf Facebook zu teilen oder in anderen sozialen Netzen zu ver\u00f6ffentlichen. Damit Ihre Daten nicht einfach direkt an Facebook oder andere soziale Netze \u00fcbermittelt werden, ist als Zwischenschritt das so genannte Shariff Plugin eingebaut. Was danach Facebook und andere soziale Netze machen, entzieht sich unseren Einflussm\u00f6glichkeiten. Gehen Sie ruhig davon aus, dass gerade bei Facebook munter <em>alles<\/em> bis zur privaten Nachricht analysiert wird.<\/p>\n<p>\u00c4hnliches gilt f\u00fcr von uns gesetzte Links, die auf andere Webseiten verweisen. Was die Webseitenbetreiber machen, liegt in deren Verantwortungsbereich.<\/p>\n<p>Generell als Tipp: Bei europ\u00e4ischen Anbietern sollten Sie einigerma\u00dfen sicher sein. Ganz \u00fcbel sieht es in China aus, Russland ist problematisch, in den Golfstaaten hocken Abzockerfirmen und dass die USA flei\u00dfig private Daten und Wirtschaftsdaten klauen, d\u00fcrften Sie sowieso wissen.<\/p>\n<p><strong>Google Schriftarten<\/strong><\/p>\n<p>Einige unserer Webseiten nutzen Schriftarten, die online von Google zur Verf\u00fcgung gestellt werden. Strittig ist, ob die entsprechende Funktion datenschutzrechtlich bedenklich ist oder nicht. Unserer Meinung, technisch gesehen, ist das einfache Laden von Schriftarten von einer bestimmten IP und auf bestimmten Webseiten unbedenklich, da keine weit reichenderen Analysefunktionen verkn\u00fcpft sind und Google im Rahmen der Datenschutzgrundverordnung deutlich nachgebessert hat. Es ist hingegen in berechtigtem Interesse, dass ein vern\u00fcnftiges Layout eine gute Lesbarkeit und attraktive Darstellung erm\u00f6glicht. Man kann die Google Schriftarten auch auf dem eigenen Server speichern und dann nachladen lassen. Das wiederum w\u00fcrde in der Regel die Ladezeit der Webseite f\u00fcr Sie verl\u00e4ngern &#8211; f\u00fcr Sie unkomfortabel. Die Ladezeit einer Webseite ist zudem ein Kriterium f\u00fcr Suchmaschinen, wie gut eine Seite in der Suchausgabe gelistet wird.<\/p>\n<p><strong>Fotos, Screenshots<\/strong><\/p>\n<p>In der Regel verwenden wir nur eigene Fotos, an denen wir s\u00e4mtliche Rechte haben. Screenshots werden ebenfalls selbst angefertigt. Werden andere Fotos genutzt, sind diese durch den Urheber, Rechteinhaber oder Auftraggeber freigegeben. Bei journalistischer Arbeit (dazu z\u00e4hlen auch Blogbeitr\u00e4ge) greifen die entsprechenden gesetzlichen Vorschriften, beispielsweise das Gesetz betreffend das Urheberrecht an Werken der bildenden K\u00fcnste und der Photographie, KunstUrhG.<\/p>\n<p><strong>Auskunftsrecht, \u00c4nderungsrecht und L\u00f6schung<\/strong><\/p>\n<p>Sie haben ein Recht auf Auskunft oder \u00c4nderung der \u00fcber Sie erhobenen Daten, bitte wenden Sie sich an: info (at) georg-grohs.de oder rufen Sie uns unter der Telefonnummer im <a href=\"https:\/\/georg-grohs.de\/impressum\/\">Impressum<\/a> an. Auch haben Sie ein Recht auf L\u00f6schung Ihrer Daten, wenn dem gesetzliche Vorschriften nicht widersprechen. Hinweis: alleine steuerrelevante Daten m\u00fcssen 10 Jahre gespeichert werden.<\/p>\n<p>Hierf\u00fcr m\u00fcssen Sie sich allerdings verifizieren. Am Telefon oder einfach per Email geben wir keinerlei Benutzerdaten heraus &#8211; zum Schutz Ihrer Daten vor Fake Anfragen.<\/p>\n<p><strong>Beschwerderecht<\/strong><\/p>\n<p>Sollten wir gegen den Datenschutz versto\u00dfen, haben Sie Recht auf eine Beschwerde bei geeigneten Aufsichtsbeh\u00f6rden. Das w\u00e4re bspw.:<\/p>\n<p>Die Bundesbeauftragte f\u00fcr den Datenschutz und die Informationsfreiheit<br \/>\nHusarenstra\u00dfe 30<br \/>\n53117 Bonn<br \/>\nTelefon: +49 (0)228-997799-0<br \/>\nE-Mail: poststelle@bfdi.bund.de<\/p>\n<p><strong>Streitbeilegung<\/strong><\/p>\n<p>Die Europ\u00e4ische Kommission stellt f\u00fcr Verbraucher unter\u00a0<a href=\"http:\/\/ec.europa.eu\/consumers\/odr\/\">http:\/\/ec.europa.eu\/consumers\/odr\/<\/a> eine Plattform zur Streitbelegung f\u00fcr Onlinethemen zur Verf\u00fcgung.<\/p>\n<p><strong>Fair geht vor<\/strong><\/p>\n<p>Wir missbrauchen keine Daten und geben keine Daten an unbefugte Personen oder Firmen weiter. Kundendaten wurden und werden sowieso gesch\u00fctzt, Vertrauen ist unerl\u00e4sslich. Im Zuge der Datenschutzgrundverordnung gibt es massive Umstellungen und einige Vorschriften widersprechen sich auch. Entsprechend besteht erst einmal bei vielen Firmen ein erheblicher Anpassungsbedarf und die Rechtsprechung wird zun\u00e4chst ebenfalls Probleme machen. Wenn ein Mitbewerber nicht wissentlich und ausdauernd gegen den Datenschutz verst\u00f6\u00dft, ein Verein Probleme hat oder eine kleine Privatwebseite vielleicht das falsche Plugin verwendet, sehen wir selbstredend von einer Abmahnung ab.<\/p>\n<p>Diese Fairness erwarten wir auch uns gegen\u00fcber.<\/p>\n<p>Im \u00dcbrigen sind auch Abmahner zur Schadensminimierung verpflichtet und die rechtsmissbr\u00e4uchliche Abmahnung sagt uns ebenfalls etwas.<\/p>\n<p>Nat\u00fcrlich werden sich Abmahnanw\u00e4lte, Abmahnvereine und sonstige Abzocker in Deutschland wie die Geier mit dubiosen Auftraggebern auf alle m\u00f6glichen oder vermeintlichen Verst\u00f6\u00dfe gegen die Datenschutzgrundverordnung st\u00fcrzen. Gerne arbeiten wir dann aber mit anderen Betroffenen zusammen, um den entsprechenden Kanzleien und Anw\u00e4lten die Tour gr\u00fcndlich und auch nachhaltig zu vermasseln. Wir haben gute Anw\u00e4lte.<\/p>\n<p><strong>An uns gesendete SPAM, unverlangte Werbeanrufe, Betrugsversuche, Hackingversuche, etc.:<\/strong><\/p>\n<p>Das m\u00f6gen wir nicht. Entsprechend machen wir einen riesigen Unterschied zwischen unseren Kunden sowie Lesern und den b\u00f6sen Jungs. Unsere Kunden und Leser sind uns heilig. Die b\u00f6sen Jungs bekommen was auf die Finger:<\/p>\n<p>Diese Gestalten akzeptieren, dass s\u00e4mtliche zugesandten Inhalte unverlangt zugesandter Mails, Faxe und sonstiger Kommunikationsmittel, inklusive s\u00e4mtlicher damit verbundenen Daten (bspw. Domainregistrierungen, Domaininhaber, Telefonnummern, Namen etc.), auf beliebigen Webauftritten von Georg Grohs in Teilen oder vollem Umfang publiziert oder an Medien weiter gegeben werden oder in Foren gepostet werden k\u00f6nnen. Hierzu erhalten wir durch aktive Zusendung oder Anruf durch den St\u00f6rer implizit zeitlich, \u00f6rtlich und sonstwie uneingeschr\u00e4nkte Rechte zur Verwendung und Verteilung. Spam wird selbstredend nach Laune auch in Spamdatenbanken \u00fcbermittelt.<\/p>\n<p>Liebe Abmahnanw\u00e4lte. Da seri\u00f6se Kunden von solchen Ma\u00dfnahmen nicht betroffen sind, ist eine Abmahnung zwecklos. Gerne k\u00f6nnen sich aber die b\u00f6sen Jungs einen Anwalt nehmen und uns verklagen. Wir petzen dann leidenschaftlich gerne bei der Netzagentur, dem Datenschutz sowie weiteren, f\u00fcr b\u00f6se Jungs sehr unliebsamen Stellen und schie\u00dfen fr\u00f6hlich bspw. mit einer negativen Feststellungsklage zur\u00fcck oder hauen unsererseits eine fette Abmahnung raus.<\/p>\n<p>Also, liebe hoffnungsvoll hoffnungslosen Callcenter, Bitcoinh\u00e4ndler, Versicherungsspezis, Energieanbieter, Gewinnspielpromotor oder Geheimtippverbreiter und sonstiges Zeug: Lasst es.<\/p>\n<p><strong>Schlussbestimmung<\/strong><\/p>\n<p>Sollten einzelne Punkte der Datenschutzerkl\u00e4rung der geltenden Rechtslage nicht gen\u00fcgen, bleiben selbstverst\u00e4ndlich die anderen Punkte davon unber\u00fchrt.<\/p>\n<div class=\"shariff shariff-align-flex-start shariff-widget-align-flex-start\"><ul class=\"shariff-buttons theme-default orientation-horizontal buttonsize-medium\"><li class=\"shariff-button facebook shariff-nocustomcolor\" style=\"background-color:#4273c8\"><a href=\"https:\/\/www.facebook.com\/sharer\/sharer.php?u=https%3A%2F%2Fwww.web-3-null.de%2Findex.php%2Fdatenschutz%2F\" title=\"Bei Facebook teilen\" aria-label=\"Bei Facebook teilen\" role=\"button\" rel=\"nofollow\" class=\"shariff-link\" style=\"; background-color:#3b5998; color:#fff\" target=\"_blank\"><span class=\"shariff-icon\" style=\"\"><svg width=\"32px\" height=\"20px\" xmlns=\"http:\/\/www.w3.org\/2000\/svg\" viewBox=\"0 0 18 32\"><path fill=\"#3b5998\" d=\"M17.1 0.2v4.7h-2.8q-1.5 0-2.1 0.6t-0.5 1.9v3.4h5.2l-0.7 5.3h-4.5v13.6h-5.5v-13.6h-4.5v-5.3h4.5v-3.9q0-3.3 1.9-5.2t5-1.8q2.6 0 4.1 0.2z\"\/><\/svg><\/span><span class=\"shariff-text\">teilen<\/span>&nbsp;<\/a><\/li><li class=\"shariff-button twitter shariff-nocustomcolor\" style=\"background-color:#595959\"><a href=\"https:\/\/twitter.com\/share?url=https%3A%2F%2Fwww.web-3-null.de%2Findex.php%2Fdatenschutz%2F&text=Datenschutz\" title=\"Bei X teilen\" aria-label=\"Bei X teilen\" role=\"button\" rel=\"noopener nofollow\" class=\"shariff-link\" style=\"; background-color:#000; color:#fff\" target=\"_blank\"><span class=\"shariff-icon\" style=\"\"><svg width=\"32px\" height=\"20px\" xmlns=\"http:\/\/www.w3.org\/2000\/svg\" viewBox=\"0 0 24 24\"><path fill=\"#000\" d=\"M14.258 10.152L23.176 0h-2.113l-7.747 8.813L7.133 0H0l9.352 13.328L0 23.973h2.113l8.176-9.309 6.531 9.309h7.133zm-2.895 3.293l-.949-1.328L2.875 1.56h3.246l6.086 8.523.945 1.328 7.91 11.078h-3.246zm0 0\"\/><\/svg><\/span><span class=\"shariff-text\">teilen<\/span>&nbsp;<\/a><\/li><li class=\"shariff-button whatsapp shariff-nocustomcolor\" style=\"background-color:#5cbe4a\"><a href=\"https:\/\/api.whatsapp.com\/send?text=https%3A%2F%2Fwww.web-3-null.de%2Findex.php%2Fdatenschutz%2F%20Datenschutz\" title=\"Bei Whatsapp teilen\" aria-label=\"Bei Whatsapp teilen\" role=\"button\" rel=\"noopener nofollow\" class=\"shariff-link\" style=\"; background-color:#34af23; color:#fff\" target=\"_blank\"><span class=\"shariff-icon\" style=\"\"><svg width=\"32px\" height=\"20px\" xmlns=\"http:\/\/www.w3.org\/2000\/svg\" viewBox=\"0 0 32 32\"><path fill=\"#34af23\" d=\"M17.6 17.4q0.2 0 1.7 0.8t1.6 0.9q0 0.1 0 0.3 0 0.6-0.3 1.4-0.3 0.7-1.3 1.2t-1.8 0.5q-1 0-3.4-1.1-1.7-0.8-3-2.1t-2.6-3.3q-1.3-1.9-1.3-3.5v-0.1q0.1-1.6 1.3-2.8 0.4-0.4 0.9-0.4 0.1 0 0.3 0t0.3 0q0.3 0 0.5 0.1t0.3 0.5q0.1 0.4 0.6 1.6t0.4 1.3q0 0.4-0.6 1t-0.6 0.8q0 0.1 0.1 0.3 0.6 1.3 1.8 2.4 1 0.9 2.7 1.8 0.2 0.1 0.4 0.1 0.3 0 1-0.9t0.9-0.9zM14 26.9q2.3 0 4.3-0.9t3.6-2.4 2.4-3.6 0.9-4.3-0.9-4.3-2.4-3.6-3.6-2.4-4.3-0.9-4.3 0.9-3.6 2.4-2.4 3.6-0.9 4.3q0 3.6 2.1 6.6l-1.4 4.2 4.3-1.4q2.8 1.9 6.2 1.9zM14 2.2q2.7 0 5.2 1.1t4.3 2.9 2.9 4.3 1.1 5.2-1.1 5.2-2.9 4.3-4.3 2.9-5.2 1.1q-3.5 0-6.5-1.7l-7.4 2.4 2.4-7.2q-1.9-3.2-1.9-6.9 0-2.7 1.1-5.2t2.9-4.3 4.3-2.9 5.2-1.1z\"\/><\/svg><\/span><span class=\"shariff-text\">teilen<\/span>&nbsp;<\/a><\/li><li class=\"shariff-button linkedin shariff-nocustomcolor\" style=\"background-color:#1488bf\"><a href=\"https:\/\/www.linkedin.com\/sharing\/share-offsite\/?url=https%3A%2F%2Fwww.web-3-null.de%2Findex.php%2Fdatenschutz%2F\" title=\"Bei LinkedIn teilen\" aria-label=\"Bei LinkedIn teilen\" role=\"button\" rel=\"noopener nofollow\" class=\"shariff-link\" style=\"; background-color:#0077b5; color:#fff\" target=\"_blank\"><span class=\"shariff-icon\" style=\"\"><svg width=\"32px\" height=\"20px\" xmlns=\"http:\/\/www.w3.org\/2000\/svg\" viewBox=\"0 0 27 32\"><path fill=\"#0077b5\" d=\"M6.2 11.2v17.7h-5.9v-17.7h5.9zM6.6 5.7q0 1.3-0.9 2.2t-2.4 0.9h0q-1.5 0-2.4-0.9t-0.9-2.2 0.9-2.2 2.4-0.9 2.4 0.9 0.9 2.2zM27.4 18.7v10.1h-5.9v-9.5q0-1.9-0.7-2.9t-2.3-1.1q-1.1 0-1.9 0.6t-1.2 1.5q-0.2 0.5-0.2 1.4v9.9h-5.9q0-7.1 0-11.6t0-5.3l0-0.9h5.9v2.6h0q0.4-0.6 0.7-1t1-0.9 1.6-0.8 2-0.3q3 0 4.9 2t1.9 6z\"\/><\/svg><\/span><span class=\"shariff-text\">teilen<\/span>&nbsp;<\/a><\/li><\/ul><\/div>","protected":false},"excerpt":{"rendered":"<p>Datenschutz Wir behandeln s\u00e4mtliche Daten vertraulich gem\u00e4\u00df den Vorschriften der einschl\u00e4gigen Datenschutzgesetze, selbstredend auch nach Datenschutzgrundverordnung. Sicherheit Ihrer Daten Wir stellen durch technische Ma\u00dfnahmen sowie Organisation sicher, dass Ihre Daten auf einem aktuellen Stand der Technik gesichert sind. Sie k\u00f6nnen von aktueller Software sowie entsprechenden Updates ausgehen. Was genau eingesetzt wird, werden wir aber nur &hellip; <a href=\"https:\/\/www.web-3-null.de\/index.php\/datenschutz\/\" class=\"more-link\"><span class=\"screen-reader-text\">\u201eDatenschutz\u201c <\/span>weiterlesen<\/a><\/p>\n","protected":false},"author":2,"featured_media":0,"parent":0,"menu_order":5,"comment_status":"closed","ping_status":"closed","template":"","meta":{"_monsterinsights_skip_tracking":false,"_monsterinsights_sitenote_active":false,"_monsterinsights_sitenote_note":"","_monsterinsights_sitenote_category":0,"footnotes":""},"class_list":["post-287","page","type-page","status-publish","hentry"],"aioseo_notices":[],"_links":{"self":[{"href":"https:\/\/www.web-3-null.de\/index.php\/wp-json\/wp\/v2\/pages\/287","targetHints":{"allow":["GET"]}}],"collection":[{"href":"https:\/\/www.web-3-null.de\/index.php\/wp-json\/wp\/v2\/pages"}],"about":[{"href":"https:\/\/www.web-3-null.de\/index.php\/wp-json\/wp\/v2\/types\/page"}],"author":[{"embeddable":true,"href":"https:\/\/www.web-3-null.de\/index.php\/wp-json\/wp\/v2\/users\/2"}],"replies":[{"embeddable":true,"href":"https:\/\/www.web-3-null.de\/index.php\/wp-json\/wp\/v2\/comments?post=287"}],"version-history":[{"count":14,"href":"https:\/\/www.web-3-null.de\/index.php\/wp-json\/wp\/v2\/pages\/287\/revisions"}],"predecessor-version":[{"id":5474,"href":"https:\/\/www.web-3-null.de\/index.php\/wp-json\/wp\/v2\/pages\/287\/revisions\/5474"}],"wp:attachment":[{"href":"https:\/\/www.web-3-null.de\/index.php\/wp-json\/wp\/v2\/media?parent=287"}],"curies":[{"name":"wp","href":"https:\/\/api.w.org\/{rel}","templated":true}]}}